{"id":691,"date":"2018-10-14T08:13:57","date_gmt":"2018-10-14T07:13:57","guid":{"rendered":"http:\/\/artemonte.diegoguindos.com\/producto\/import-placeholder-for-118\/"},"modified":"2024-12-26T12:25:16","modified_gmt":"2024-12-26T11:25:16","slug":"chorizo-de-canard","status":"publish","type":"product","link":"https:\/\/artemonte.com\/fr\/produit\/charcuterie\/charcuterie-canard\/chorizo-de-canard\/","title":{"rendered":"Chorizo de canard"},"content":{"rendered":"","protected":false},"excerpt":{"rendered":"<p><span class=\"lowercase\">Chorizo de canard<\/span> fabriqu\u00e9 de mani\u00e8re artisanale avec des \u00e9pices naturelles raffin\u00e9es, selon les recettes traditionnelles de la Sierra Morena. Une saucisse gourmet avec le label de qualit\u00e9 Artemonte et une touche d&rsquo;unicit\u00e9 et de distinction.<\/p>\n<p>Toutes nos saucisses ont une faible teneur en mati\u00e8res grasses et en cholest\u00e9rol. Leur saveur est douce et \u00e9l\u00e9gante, avec une identit\u00e9 unique qui en fait un d\u00e9lice pour le palais<\/p>\n<div class=\"disclaimer\">\n<p>Tous nos produits sont respectueux de l&rsquo;environnement et proviennent d&rsquo;animaux sauvages, \u00e9lev\u00e9s en libert\u00e9 et nourris avec une alimentation naturelle sans produits chimiques.<\/p>\n<p>Chez Artemonte, nous prenons en charge l&rsquo;ensemble du processus de production. De la collecte \u00e0 l&#8217;emballage final, en suivant un processus artisanal qui favorise le d\u00e9veloppement des zones rurales.<\/p>\n<\/div>\n<div class=\"product-info\">\n<h2>Chorizo de canard<br \/>Caract\u00e9ristiques et informations suppl\u00e9mentaires<\/h2>\n<ul>\n<li><span class=\"label\">Quantit\u00e9<\/span>: 250 grammes<\/li>\n<li><span class=\"label\">Format<\/span>: Emball\u00e9 sous vide<\/li>\n<li><span class=\"label\">Conditionnement<\/span>: Blister<\/li>\n<li><span class=\"label\">Caducit\u00e9<\/span>: 1 an<\/li>\n<li><span class=\"label\">Mode de conservation<\/span>: R\u00e9frig\u00e9r\u00e9<\/li>\n<\/ul>\n<\/div>\n","protected":false},"featured_media":77,"template":"","meta":{"_genesis_hide_title":false,"_genesis_hide_breadcrumbs":false,"_genesis_hide_singular_image":false,"_genesis_hide_footer_widgets":false,"_genesis_custom_body_class":"","_genesis_custom_post_class":"","_genesis_layout":""},"product_brand":[],"product_cat":[21],"product_tag":[],"class_list":{"0":"post-691","1":"product","2":"type-product","3":"status-publish","4":"has-post-thumbnail","6":"product_cat-charcuterie-canard","7":"entry","9":"first","10":"instock","11":"taxable","12":"shipping-taxable","13":"product-type-simple"},"_links":{"self":[{"href":"https:\/\/artemonte.com\/fr\/wp-json\/wp\/v2\/product\/691","targetHints":{"allow":["GET"]}}],"collection":[{"href":"https:\/\/artemonte.com\/fr\/wp-json\/wp\/v2\/product"}],"about":[{"href":"https:\/\/artemonte.com\/fr\/wp-json\/wp\/v2\/types\/product"}],"wp:featuredmedia":[{"embeddable":true,"href":"https:\/\/artemonte.com\/fr\/wp-json\/wp\/v2\/media\/77"}],"wp:attachment":[{"href":"https:\/\/artemonte.com\/fr\/wp-json\/wp\/v2\/media?parent=691"}],"wp:term":[{"taxonomy":"product_brand","embeddable":true,"href":"https:\/\/artemonte.com\/fr\/wp-json\/wp\/v2\/product_brand?post=691"},{"taxonomy":"product_cat","embeddable":true,"href":"https:\/\/artemonte.com\/fr\/wp-json\/wp\/v2\/product_cat?post=691"},{"taxonomy":"product_tag","embeddable":true,"href":"https:\/\/artemonte.com\/fr\/wp-json\/wp\/v2\/product_tag?post=691"}],"curies":[{"name":"wp","href":"https:\/\/api.w.org\/{rel}","templated":true}]}}